{"id":64,"date":"2021-03-01T20:18:48","date_gmt":"2021-03-01T20:18:48","guid":{"rendered":"https:\/\/hotelmuseumkwartierutrecht.nl\/?page_id=64"},"modified":"2024-09-17T13:59:07","modified_gmt":"2024-09-17T13:59:07","slug":"geschiedenis","status":"publish","type":"page","link":"https:\/\/hotelmuseumkwartierutrecht.nl\/de\/geschiedenis\/","title":{"rendered":"Geschichte"},"content":{"rendered":"<div class=\"vce-row-container\"><div class=\"vce-row vce-row--col-gap-30 vce-row-equal-height vce-row-content--middle\" data-vce-full-width=\"true\" data-vce-stretch-content=\"true\" id=\"el-ebae9f04\" data-vce-do-apply=\"all el-ebae9f04\"><div class=\"vce-content-background-container\"><\/div><div class=\"vce-row-content\" data-vce-element-content=\"true\"><div class=\"vce-col vce-col--md-auto vce-col--xs-1 vce-col--xs-last vce-col--xs-first vce-col--sm-last vce-col--sm-first vce-col--md-first vce-col--lg-first vce-col--xl-first\" id=\"el-8cf33f1c\"><div class=\"vce-col-inner\" data-vce-do-apply=\"border margin background  el-8cf33f1c\"><div class=\"vce-col-content\" data-vce-element-content=\"true\" data-vce-do-apply=\"padding el-8cf33f1c\"><div class=\"vce-single-image-container vce-single-image--align-center\"><div class=\"vce vce-single-image-wrapper\" id=\"el-cff24db3\" data-vce-do-apply=\"all el-cff24db3\"><figure><div class=\"vce-single-image-figure-inner\" style=\"width: 666px;\"><div class=\"vce-single-image-inner vce-single-image--absolute\" style=\"width: 100%; padding-bottom: 94.4444%;\"><img decoding=\"async\" class=\"vce-single-image\" src=\"https:\/\/hotelmuseumkwartierutrecht.nl\/wp-content\/uploads\/2023\/11\/Rosa-en-Jaap2.jpg\" data-img-src=\"https:\/\/hotelmuseumkwartierutrecht.nl\/wp-content\/uploads\/2023\/11\/Rosa-en-Jaap2.jpg\" data-attachment-id=\"518\" alt=\"\" title=\"Rosa-en-Jaap2\"><\/div><\/div><figcaption hidden=\"\"><\/figcaption><\/figure><\/div><\/div><\/div><\/div><\/div><div class=\"vce-col vce-col--md-auto vce-col--xs-1 vce-col--xs-last vce-col--xs-first vce-col--sm-last vce-col--sm-first vce-col--md-last vce-col--lg-last vce-col--xl-last\" id=\"el-8fd89db6\"><div class=\"vce-col-inner\" data-vce-do-apply=\"border margin background  el-8fd89db6\" vce-box-shadow=\"el-8fd89db6\"><div class=\"vce-content-background-container\"><\/div><div class=\"vce-col-content\" data-vce-element-content=\"true\" data-vce-do-apply=\"padding el-8fd89db6\"><div class=\"vce-text-block\"><div class=\"vce-text-block-wrapper vce\" id=\"el-2e9e0be4\" data-vce-do-apply=\"all el-2e9e0be4\"><h2 style=\"text-align: center;\">\u00dcber uns<\/h2><br><p style=\"text-align: center;\">Willkommen im Hotel Museumkwartier! Wir sind Jaap und Rosa, die stolzen Besitzer dieses charakteristischen Hotels in Utrecht. Unsere Verbindung zu diesem Hotel geht \u00fcber das blo\u00dfe F\u00fchren eines Unternehmens hinaus. Wir haben hier selbst gewohnt und viele wertvolle Erinnerungen an diesen Ort. Deshalb freuen wir uns sehr, Sie in unserem Hotel begr\u00fc\u00dfen zu d\u00fcrfen und unsere Geschichten mit Ihnen zu teilen. <br><br>Rosa ist die stolze Besitzerin des Hotel Museumkwartier Utrecht und es ist auch ihr Geburtshaus. Ihre Leidenschaft f\u00fcr gutes Essen, Reisen und Abenteuer hat sie dazu gebracht, dieses Unternehmen vor f\u00fcnf Jahren mit ihrem Vater zu gr\u00fcnden. Sie liebt es, G\u00e4ste aus verschiedenen Teilen der Welt zu empfangen und ihnen die lokale Kultur und Geschichte von Utrecht n\u00e4herzubringen. Rosa kennt Utrecht wie ihre Westentasche und kann die besten Orte empfehlen, die Sie w\u00e4hrend Ihres Aufenthalts besuchen sollten.<br><br>Jaap ist verantwortlich f\u00fcr die Renovierung und Einrichtung des Hotels. Er hat langj\u00e4hrige Erfahrung im Antiquit\u00e4tenhandel und im Immobilienbereich und hat seine Sammlung, die LJ Mennink Sammlung, in den letzten f\u00fcnf Jahrzehnten sorgf\u00e4ltig aufgebaut. Er hat mehrere Geb\u00e4ude in Utrecht mit seiner antiquarischen Vision restauriert und entwickelt. Das Grachtenhaus Oudegracht 399 hat er vor f\u00fcnf Jahren zu diesem besonderen Hotel im Biedermeier-Stil entwickelt.<br><br>Wir m\u00f6chten Sie herzlich in unserem Hotel willkommen hei\u00dfen und Ihnen die einzigartige Atmosph\u00e4re und Geschichte dieses Ortes n\u00e4herbringen. Es ist uns wichtig, unsere G\u00e4ste pers\u00f6nlich zu empfangen und f\u00fcr eine warme und einladende Atmosph\u00e4re zu sorgen. Wir hoffen, dass Sie Ihren Aufenthalt bei uns genie\u00dfen und Utrecht genauso lieben werden wie wir. Sollten Sie Fragen haben, stehen wir Ihnen jederzeit zur Verf\u00fcgung!<\/p><\/div><\/div><\/div><\/div><\/div><\/div><\/div><\/div><div class=\"vce-row-container\" data-vce-boxed-width=\"true\"><div class=\"vce-row vce-row--col-gap-30 vce-row-equal-height vce-row-content--top\" id=\"el-11941064\" data-vce-do-apply=\"all el-11941064\"><div class=\"vce-row-content\" data-vce-element-content=\"true\"><div class=\"vce-col vce-col--md-auto vce-col--xs-1 vce-col--xs-last vce-col--xs-first vce-col--sm-last vce-col--sm-first vce-col--md-last vce-col--lg-last vce-col--xl-last vce-col--md-first vce-col--lg-first vce-col--xl-first\" id=\"el-7c37b45a\"><div class=\"vce-col-inner\" data-vce-do-apply=\"border margin background  el-7c37b45a\"><div class=\"vce-col-content\" data-vce-element-content=\"true\" data-vce-do-apply=\"padding el-7c37b45a\"><div class=\"vce vce-separator-container sep vce-separator--align-center vce-separator--style-solid\" id=\"el-d22d3020\" data-vce-do-apply=\"margin el-d22d3020\"><div class=\"vce-separator vce-separator--color-bfc0c1 vce-separator--width-33 vce-separator--thickness-0\" data-vce-do-apply=\"border padding background  el-d22d3020\"><\/div><\/div><\/div><\/div><\/div><\/div><\/div><\/div><div class=\"vce-row-container\"><div class=\"vce-row vce-row--col-gap-30 vce-row-equal-height vce-row-content--middle\" data-vce-full-width=\"true\" data-vce-stretch-content=\"true\" id=\"el-1653a1f5\" data-vce-do-apply=\"all el-1653a1f5\"><div class=\"vce-content-background-container\"><\/div><div class=\"vce-row-content\" data-vce-element-content=\"true\"><div class=\"vce-col vce-col--md-auto vce-col--xs-1 vce-col--xs-last vce-col--xs-first vce-col--sm-last vce-col--sm-first vce-col--md-first vce-col--lg-first vce-col--xl-first\" id=\"el-9d98addd\"><div class=\"vce-col-inner\" data-vce-do-apply=\"border margin background  el-9d98addd\" vce-box-shadow=\"el-9d98addd\"><div class=\"vce-content-background-container\"><\/div><div class=\"vce-col-content\" data-vce-element-content=\"true\" data-vce-do-apply=\"padding el-9d98addd\"><div class=\"vce-text-block\"><div class=\"vce-text-block-wrapper vce\" id=\"el-73182b36\" data-vce-do-apply=\"all el-73182b36\"><h2 style=\"text-align: center;\">Geschichte<\/h2><br><p style=\"text-align: center;\" class=\"translation-block\">Dieses historische Geb\u00e4ude hat eine reiche Geschichte, die bis ins 16. Jahrhundert zur\u00fcckreicht. W\u00e4hrend des Achtzigj\u00e4hrigen Krieges (1568-1648) war die Niederlande von dem spanischen K\u00f6nig Philipp II. und seinen Nachkommen besetzt. Der Protestantismus begann zu wachsen und wurde von den spanischen Besatzern hart unterdr\u00fcckt. Nach dem Krieg wurde der Protestantismus der einzige erlaubte Glaube und Katholiken wurden gezwungen, ihren Glauben im Geheimen in versteckten Kirchen im ganzen Land zu praktizieren.<br><br>\nEine dieser versteckten Kirchen befand sich im ersten Stockwerk an der Vorderseite des Geb\u00e4udes an der Oudegracht 399. Der Altar war dort aufgestellt und Katholiken kamen dort heimlich zusammen, um ihren Glauben zu bekennen.<br><br>\n\nSp\u00e4ter erhielten die Katholiken die Erlaubnis, im Garten des Geb\u00e4udes eine Kirche zu bauen, die den Blicken der Passanten entzogen war. Das Geb\u00e4ude an der Oudegracht 399 diente damals als Pfarrhaus.<br><br>\n\n1899 wurde die versteckte Kirche abgerissen und neben dem Geb\u00e4ude des Hotels Museumkwartier die heutige Kirche gebaut. Diese Kirche hat eine reiche Geschichte und diente unter anderem als die Kirche von Juinen in der Fernsehsendung von Van Kooten und De Bie, einer bekannten niederl\u00e4ndischen Fernsehsendung.<br><br>\n\nHeutzutage ist das Geb\u00e4ude an der Oudegracht 399 ein wundersch\u00f6nes Beispiel f\u00fcr die reiche Geschichte von Utrecht. Das Geb\u00e4ude hat viele Funktionen gehabt und hat immer eine wichtige Rolle im religi\u00f6sen und kulturellen Leben der Stadt gespielt. Es ist ein Ort, an dem Geschichte lebendig wird und an dem Besucher die sch\u00f6ne Architektur und die dazugeh\u00f6rigen Geschichten genie\u00dfen k\u00f6nnen.<\/p><\/div><\/div><\/div><\/div><\/div><div class=\"vce-col vce-col--md-auto vce-col--xs-1 vce-col--xs-last vce-col--xs-first vce-col--sm-last vce-col--sm-first vce-col--md-last vce-col--lg-last vce-col--xl-last\" id=\"el-1a3b6ed9\"><div class=\"vce-col-inner\" data-vce-do-apply=\"border margin background  el-1a3b6ed9\"><div class=\"vce-col-content\" data-vce-element-content=\"true\" data-vce-do-apply=\"padding el-1a3b6ed9\"><div class=\"vce-single-image-container vce-single-image--align-left\"><div class=\"vce vce-single-image-wrapper\" id=\"el-383f2e2e\" data-vce-do-apply=\"all el-383f2e2e\"><figure><div class=\"vce-single-image-figure-inner\" style=\"width: 1024px;\"><div class=\"vce-single-image-inner vce-single-image--absolute\" style=\"width: 100%; padding-bottom: 65.7227%;\"><img loading=\"lazy\" decoding=\"async\" class=\"vce-single-image\"  width=\"1024\" height=\"673\" srcset=\"https:\/\/hotelmuseumkwartierutrecht.nl\/wp-content\/uploads\/2021\/03\/St.-Martinuskerk-met-Pastorie-1024x674.jpg 1024w, https:\/\/hotelmuseumkwartierutrecht.nl\/wp-content\/uploads\/2021\/03\/St.-Martinuskerk-met-Pastorie-800x533.jpg 800w, https:\/\/hotelmuseumkwartierutrecht.nl\/wp-content\/uploads\/2024\/09\/St.-Martinuskerk-met-Pastorie-320x210.jpg 320w\" src=\"https:\/\/hotelmuseumkwartierutrecht.nl\/wp-content\/uploads\/2021\/03\/St.-Martinuskerk-met-Pastorie-1024x674.jpg\" data-img-src=\"https:\/\/hotelmuseumkwartierutrecht.nl\/wp-content\/uploads\/2021\/03\/St.-Martinuskerk-met-Pastorie.jpg\" data-attachment-id=\"57\"  alt=\"\" title=\"St.-Martinuskerk-met-Pastorie\" \/><\/div><\/div><figcaption>St. Martinuskirche mit Pfarrhaus<\/figcaption><\/figure><\/div><\/div><\/div><\/div><\/div><\/div><\/div><\/div><div class=\"vce-row-container\"><div class=\"vce-row vce-row--col-gap-30 vce-row-no-paddings vce-row-equal-height vce-row-content--top\" data-vce-full-width=\"true\" data-vce-stretch-content=\"true\" id=\"el-b1428525\" data-vce-do-apply=\"all el-b1428525\"><div class=\"vce-row-content\" data-vce-element-content=\"true\"><div class=\"vce-col vce-col--md-auto vce-col--xs-1 vce-col--xs-last vce-col--xs-first vce-col--sm-last vce-col--sm-first vce-col--md-last vce-col--lg-last vce-col--xl-last vce-col--md-first vce-col--lg-first vce-col--xl-first\" id=\"el-2866cf68\"><div class=\"vce-col-inner\" data-vce-do-apply=\"border margin background  el-2866cf68\"><div class=\"vce-col-content\" data-vce-element-content=\"true\" data-vce-do-apply=\"padding el-2866cf68\"><div class=\"vce-single-image-container vce-single-image--align-center\"><div class=\"vce vce-single-image-wrapper\" id=\"el-aca05ca0\" data-vce-do-apply=\"all el-aca05ca0\"><figure><div class=\"vce-single-image-figure-inner\" style=\"width: 1905px;\"><div class=\"vce-single-image-inner vce-single-image--absolute\" style=\"width: 100%; padding-bottom: 23.622%;\"><img decoding=\"async\" class=\"vce-single-image\" src=\"https:\/\/hotelmuseumkwartierutrecht.nl\/wp-content\/uploads\/2021\/05\/arrive-relax-belocal-2.jpg\" data-img-src=\"https:\/\/hotelmuseumkwartierutrecht.nl\/wp-content\/uploads\/2021\/05\/arrive-relax-belocal-2.jpg\" data-attachment-id=\"233\" alt=\"\" title=\"arrive-relax-belocal-2\"><\/div><\/div><figcaption hidden=\"\"><\/figcaption><\/figure><\/div><\/div><\/div><\/div><\/div><\/div><\/div><\/div>","protected":false},"excerpt":{"rendered":"<p>Over onsWelkom bij Hotel Museumkwartier! Wij zijn Jaap en Rosa, de trotse eigenaren van dit karakteristieke hotel in Utrecht. Onze band met dit hotel gaat verder dan alleen het runnen van een bedrijf. We hebben hier namelijk zelf gewoond en hebben veel dierbare herinneringen aan deze plek. Wij zijn dan ook erg blij om jullie&#8230;<\/p>","protected":false},"author":1,"featured_media":0,"parent":0,"menu_order":0,"comment_status":"closed","ping_status":"closed","template":"page-full.php","meta":{"footnotes":""},"class_list":["post-64","page","type-page","status-publish","hentry"],"_links":{"self":[{"href":"https:\/\/hotelmuseumkwartierutrecht.nl\/de\/wp-json\/wp\/v2\/pages\/64","targetHints":{"allow":["GET"]}}],"collection":[{"href":"https:\/\/hotelmuseumkwartierutrecht.nl\/de\/wp-json\/wp\/v2\/pages"}],"about":[{"href":"https:\/\/hotelmuseumkwartierutrecht.nl\/de\/wp-json\/wp\/v2\/types\/page"}],"author":[{"embeddable":true,"href":"https:\/\/hotelmuseumkwartierutrecht.nl\/de\/wp-json\/wp\/v2\/users\/1"}],"replies":[{"embeddable":true,"href":"https:\/\/hotelmuseumkwartierutrecht.nl\/de\/wp-json\/wp\/v2\/comments?post=64"}],"version-history":[{"count":27,"href":"https:\/\/hotelmuseumkwartierutrecht.nl\/de\/wp-json\/wp\/v2\/pages\/64\/revisions"}],"predecessor-version":[{"id":595,"href":"https:\/\/hotelmuseumkwartierutrecht.nl\/de\/wp-json\/wp\/v2\/pages\/64\/revisions\/595"}],"wp:attachment":[{"href":"https:\/\/hotelmuseumkwartierutrecht.nl\/de\/wp-json\/wp\/v2\/media?parent=64"}],"curies":[{"name":"wp","href":"https:\/\/api.w.org\/{rel}","templated":true}]}}