{"id":535,"date":"2024-08-26T15:05:18","date_gmt":"2024-08-26T15:05:18","guid":{"rendered":"https:\/\/hotelmuseumkwartierutrecht.nl\/?page_id=535"},"modified":"2025-09-10T22:53:34","modified_gmt":"2025-09-10T22:53:34","slug":"info","status":"publish","type":"page","link":"https:\/\/hotelmuseumkwartierutrecht.nl\/de\/info\/","title":{"rendered":"Infos"},"content":{"rendered":"<div class=\"vce-row-container\"><div class=\"vce-row vce-row--col-gap-30 vce-row-equal-height vce-row-content--top\" data-vce-full-width=\"true\" data-vce-stretch-content=\"true\" id=\"el-27d2bbd4\" data-vce-do-apply=\"all el-27d2bbd4\"><div class=\"vce-content-background-container\"><\/div><div class=\"vce-row-content\" data-vce-element-content=\"true\"><div class=\"vce-col vce-col--md-auto vce-col--xs-1 vce-col--xs-last vce-col--xs-first vce-col--sm-last vce-col--sm-first vce-col--md-first vce-col--lg-first vce-col--xl-first\" id=\"el-837324ce\"><div class=\"vce-col-inner\" data-vce-do-apply=\"border margin background  el-837324ce\"><div class=\"vce-col-content\" data-vce-element-content=\"true\" data-vce-do-apply=\"padding el-837324ce\"><div class=\"vce-single-image-container vce-single-image--align-center\"><div class=\"vce vce-single-image-wrapper\" id=\"el-d693ce3c\" data-vce-do-apply=\"all el-d693ce3c\"><figure><div class=\"vce-single-image-figure-inner\" style=\"width: 740px;\"><div class=\"vce-single-image-inner vce-single-image--absolute\" style=\"width: 100%; padding-bottom: 133.108%;\"><img decoding=\"async\" class=\"vce-single-image\" src=\"https:\/\/hotelmuseumkwartierutrecht.nl\/wp-content\/uploads\/2023\/11\/LDSC09205.jpg\" data-img-src=\"https:\/\/hotelmuseumkwartierutrecht.nl\/wp-content\/uploads\/2023\/11\/LDSC09205.jpg\" data-attachment-id=\"483\" alt=\"\" title=\"LDSC09205\"><\/div><\/div><figcaption hidden=\"\"><\/figcaption><\/figure><\/div><\/div><\/div><\/div><\/div><div class=\"vce-col vce-col--md-auto vce-col--xs-1 vce-col--xs-last vce-col--xs-first vce-col--sm-last vce-col--sm-first vce-col--md-last vce-col--lg-last vce-col--xl-last\" id=\"el-270706b5\"><div class=\"vce-col-inner\" data-vce-do-apply=\"border margin background  el-270706b5\" vce-box-shadow=\"el-270706b5\"><div class=\"vce-content-background-container\"><\/div><div class=\"vce-col-content\" data-vce-element-content=\"true\" data-vce-do-apply=\"padding el-270706b5\"><div class=\"vce-text-block\"><div class=\"vce-text-block-wrapper vce\" id=\"el-7e91534f\" data-vce-do-apply=\"all el-7e91534f\"><h2 style=\"text-align: center;\">INFORMATIONEN<\/h2><p><img loading=\"lazy\" decoding=\"async\" class=\"size-full wp-image-220 aligncenter\" src=\"https:\/\/hotelmuseumkwartierutrecht.nl\/wp-content\/uploads\/2021\/04\/ornament-150.png\" alt=\"\" width=\"150\" height=\"76\" srcset=\"https:\/\/hotelmuseumkwartierutrecht.nl\/wp-content\/uploads\/2021\/04\/ornament-150.png 150w, https:\/\/hotelmuseumkwartierutrecht.nl\/wp-content\/uploads\/2021\/04\/ornament-150-16x8.png 16w\" sizes=\"auto, (max-width: 150px) 100vw, 150px\" \/><\/p><p><span style=\"font-weight: bold; font-style: normal;\">Check-in und Check-out Zeiten:<\/span><strong><br><\/strong>Check-in: Ab 14:00 Uhr.<br>Check-out: Bis 11:00 Uhr.<\/p><p><span style=\"font-weight: bold; font-style: normal;\">Fr\u00fchst\u00fcck:<\/span><strong><br><\/strong>Beschreibung: Fr\u00fchst\u00fcck wird im Zimmer serviert.<\/p><p>Buchungsoptionen: Fr\u00fchst\u00fcck kann beim Einchecken oder vor der Ankunft \u00fcber den Online-Check-in-Link, den Sie einen Tag vor der Ankunft erhalten, hinzugebucht werden.<\/p><p>Preis: \u20ac15 pro Person.<\/p><p>Inhalt: Das Fr\u00fchst\u00fcck besteht aus frisch gebackenem Brot mit verschiedenen Aufstrichen, Croissant, Granola, Joghurt, Orangensaft und Obst. (Weitere Details finden Sie auf der Website)<\/p><p><span style=\"font-weight: bold; font-style: normal;\">Parken:<\/span><strong><br><\/strong>Oudegracht: \u20ac7,50 pro Stunde (07:00-01:00) und am Sonntag (12:00-18:00).<\/p><p>Parkplatz Vaartsche Rijn: \u20ac3,35 pro Stunde, \u20ac26,78 pro Tag (Baden-Powellweg 103, 8 Minuten zu Fu\u00df).<\/p><p>Alle Parkm\u00f6glichkeiten und weitere Informationen finden Sie <a href=\"https:\/\/gu-geo.maps.arcgis.com\/apps\/webappviewer\/index.html?id=365c7b6926f74660b7322e646e8548dc\" target=\"_blank\" rel=\"noopener\">auf dieser Karte.<\/a>.<\/p><p><strong><span style=\"font-weight: bold; font-style: normal;\">Selbst Check-in:<\/span><br><\/strong>M\u00f6glichkeit: Selbst Check-in ist m\u00f6glich. Bitte geben Sie dies bei Ihrer Reservierung an, dann senden wir Ihnen die Anweisungen.<\/p><p><strong><span style=\"font-weight: bold; font-style: normal;\">Stornierungsbedingungen:<\/span><br><\/strong>Verfahren: Stornierungen m\u00fcssen schriftlich an info@hotelmuseumkwartierutrecht.nl eingereicht werden.<\/p><p><em>Kosten:<\/em><br>-Mehr als 48 Stunden vor der Ankunft: Keine Kosten.<br>-Weniger als 48 Stunden vor der Ankunft: Die erste Nacht wird berechnet.<br>-No-show: Die gesamte Buchung wird berechnet.<\/p><p><strong><span style=\"font-weight: bold; font-style: normal;\">Allgemeine Gesch\u00e4ftsbedingungen:<\/span><br><\/strong>Check-in ab 14:00 Uhr am Anreisetag.<br>Check-out bis 11:00 Uhr am Abreisetag.<\/p><p>Rauchen ist im Hotel und in den Zimmern <span style=\"font-weight: bold; font-style: normal;\"><strong>nicht<\/strong><\/span> erlaubt.<\/p><p>Das Hotel ist nicht verantwortlich f\u00fcr den Verlust oder die Besch\u00e4digung von pers\u00f6nlichen Gegenst\u00e4nden der G\u00e4ste.<\/p><p>Das Hotel beh\u00e4lt sich das Recht vor, G\u00e4ste bei Nichtbeachtung der Hausregeln abzulehnen.<\/p><p>Das Hotel beh\u00e4lt sich das Recht vor, \u00c4nderungen an der Zimmeraufteilung oder der Verf\u00fcgbarkeit der Zimmer vorzunehmen.<\/p><p><strong><span style=\"font-weight: bold; font-style: normal;\">Haustiere:<\/span><br><\/strong>Haustiere sind nach Absprache und gegen einen Aufpreis von \u20ac30 aufgrund der Reinigungskosten willkommen.<\/p><p class=\"translation-block\">Wenn Sie weitere Fragen haben, k\u00f6nnen Sie uns gerne unter <a href=\"mailto:info@hotelmuseumkwartierutrecht.nl\" target=\"_self\">info@hotelmuseumkwartierutrecht.nl<\/a> kontaktieren.<\/p><\/div><\/div><\/div><\/div><\/div><\/div><\/div><\/div>","protected":false},"excerpt":{"rendered":"<p>INFORMATIEIncheck- en uitcheck tijden:Inchecken: Vanaf 14:00 uur.Uitchecken: Uiterlijk om 11:00 uur.Ontbijt:Beschrijving: Ontbijt wordt op de kamer geserveerd.Boekingsopties: Ontbijt kan bijgeboekt worden bij het inchecken of voor aankomst via de online check-in link die u een dag voor aankomst ontvangt.Prijs: \u20ac15 per persoon.Inhoud: Het ontbijt bestaat uit versgebakken brood met divers beleg, croissant, granola, yoghurt, jus&#8230;<\/p>","protected":false},"author":1,"featured_media":0,"parent":0,"menu_order":0,"comment_status":"closed","ping_status":"closed","template":"page-full.php","meta":{"footnotes":""},"class_list":["post-535","page","type-page","status-publish","hentry"],"_links":{"self":[{"href":"https:\/\/hotelmuseumkwartierutrecht.nl\/de\/wp-json\/wp\/v2\/pages\/535","targetHints":{"allow":["GET"]}}],"collection":[{"href":"https:\/\/hotelmuseumkwartierutrecht.nl\/de\/wp-json\/wp\/v2\/pages"}],"about":[{"href":"https:\/\/hotelmuseumkwartierutrecht.nl\/de\/wp-json\/wp\/v2\/types\/page"}],"author":[{"embeddable":true,"href":"https:\/\/hotelmuseumkwartierutrecht.nl\/de\/wp-json\/wp\/v2\/users\/1"}],"replies":[{"embeddable":true,"href":"https:\/\/hotelmuseumkwartierutrecht.nl\/de\/wp-json\/wp\/v2\/comments?post=535"}],"version-history":[{"count":26,"href":"https:\/\/hotelmuseumkwartierutrecht.nl\/de\/wp-json\/wp\/v2\/pages\/535\/revisions"}],"predecessor-version":[{"id":602,"href":"https:\/\/hotelmuseumkwartierutrecht.nl\/de\/wp-json\/wp\/v2\/pages\/535\/revisions\/602"}],"wp:attachment":[{"href":"https:\/\/hotelmuseumkwartierutrecht.nl\/de\/wp-json\/wp\/v2\/media?parent=535"}],"curies":[{"name":"wp","href":"https:\/\/api.w.org\/{rel}","templated":true}]}}