{"id":178,"date":"2021-03-25T20:28:12","date_gmt":"2021-03-25T20:28:12","guid":{"rendered":"https:\/\/hotelmuseumkwartierutrecht.nl\/?page_id=178"},"modified":"2025-09-10T21:49:20","modified_gmt":"2025-09-10T21:49:20","slug":"home","status":"publish","type":"page","link":"https:\/\/hotelmuseumkwartierutrecht.nl\/de\/","title":{"rendered":"home"},"content":{"rendered":"<div class=\"vce-row-container\"><div class=\"vce-row vce-element--has-background vce-row--col-gap-30 vce-row-full-height vce-row-equal-height vce-row-columns--middle vce-row-content--middle\" data-vce-full-width=\"true\" id=\"el-10ab4716\" data-vce-do-apply=\"all el-10ab4716\"><div class=\"vce-content-background-container\"><div class=\"vce-asset-background-simple-container vce-visible-all-only vce-asset-background-simple--style-cover vce-asset-background-simple--position-center-top\"><div class=\"vce-asset-background-simple\"><div class=\"vce-asset-background-simple-item\" style=\"background-image: url('https:\/\/hotelmuseumkwartierutrecht.nl\/wp-content\/uploads\/2021\/05\/hotel-utrecht-home-groot2.jpg');\"><\/div><\/div><\/div><\/div><div class=\"vce-row-content\" data-vce-element-content=\"true\"><div class=\"vce-col vce-col--md-auto vce-col--xs-1 vce-col--xs-last vce-col--xs-first vce-col--sm-last vce-col--sm-first vce-col--md-last vce-col--lg-last vce-col--xl-last vce-col--md-first vce-col--lg-first vce-col--xl-first\" id=\"el-28a4dc80\"><div class=\"vce-col-inner\" data-vce-do-apply=\"border margin background  el-28a4dc80\"><div class=\"vce-col-content\" data-vce-element-content=\"true\" data-vce-do-apply=\"padding el-28a4dc80\"><div class=\"vce-button--style-basic-container vce-button--style-basic-container--align-center\"><span class=\"vce-button--style-basic-wrapper vce\" id=\"el-bbf0bd59\" data-vce-do-apply=\"margin el-bbf0bd59\"><a class=\"vce-button vce-button--style-basic vce-button--style-basic--border-rounded vce-button--style-basic--size-medium vce-button--style-basic--color-b-0-96-103--fff\" href=\"https:\/\/booking.roomraccoon.com\/hotel-museumkwartier-utrecht\/de\/\" title=\"\" target=\"_blank\" data-vce-do-apply=\"padding border background  el-bbf0bd59\" rel=\"noopener\">JETZT BUCHEN<\/a><\/span><\/div><div class=\"vce-row-container\" data-vce-boxed-width=\"true\"><div class=\"vce-row vce-row--col-gap-30 vce-row-equal-height vce-row-content--top\" id=\"el-96a386de\" data-vce-do-apply=\"all el-96a386de\"><div class=\"vce-row-content\" data-vce-element-content=\"true\"><div class=\"vce-col vce-col--md-auto vce-col--xs-1 vce-col--xs-last vce-col--xs-first vce-col--sm-last vce-col--sm-first vce-col--md-last vce-col--lg-last vce-col--xl-last vce-col--md-first vce-col--lg-first vce-col--xl-first\" id=\"el-e6dff25a\"><div class=\"vce-col-inner\" data-vce-do-apply=\"border margin background  el-e6dff25a\"><div class=\"vce-col-content\" data-vce-element-content=\"true\" data-vce-do-apply=\"padding el-e6dff25a\"><div class=\"vcv-row-control-wrapper\"><\/div><\/div><\/div><\/div><\/div><\/div><\/div><\/div><\/div><\/div><\/div><\/div><\/div><div class=\"vce-row-container\" data-vce-boxed-width=\"true\"><div class=\"vce-row vce-row--col-gap-30 vce-row-equal-height vce-row-content--top\" id=\"el-7102b564\" data-vce-do-apply=\"all el-7102b564\"><div class=\"vce-content-background-container\"><\/div><div class=\"vce-row-content\" data-vce-element-content=\"true\"><div class=\"vce-col vce-col--md-17-5p vce-col--xs-1 vce-col--xs-last vce-col--xs-first vce-col--sm-last vce-col--sm-first vce-col--md-first vce-col--lg-first vce-col--xl-first\" id=\"el-8dc95e69\"><div class=\"vce-col-inner\" data-vce-do-apply=\"border margin background  el-8dc95e69\"><div class=\"vce-col-content\" data-vce-element-content=\"true\" data-vce-do-apply=\"padding el-8dc95e69\"><div class=\"vcv-row-control-wrapper\"><\/div><\/div><\/div><\/div><div class=\"vce-col vce-col--md-65p vce-col--xs-1 vce-col--xs-last vce-col--xs-first vce-col--sm-last vce-col--sm-first\" id=\"el-8bc1028e\"><div class=\"vce-col-inner\" data-vce-do-apply=\"border margin background  el-8bc1028e\"><div class=\"vce-col-content\" data-vce-element-content=\"true\" data-vce-do-apply=\"padding el-8bc1028e\"><div class=\"vce-text-block\"><div class=\"vce-text-block-wrapper vce\" id=\"el-b12cf503\" data-vce-do-apply=\"all el-b12cf503\"><h2 class=\"has-text-align-center\" style=\"text-align: center;\">Willkommen!<\/h2>\n<p class=\"has-text-align-center\">Das Hotel Museumkwartier Utrecht liegt im ruhigen Teil der Oudegracht. In dieser ehemaligen versteckten Kirche und Pfarrbibliothek befindet sich nun ein elegantes Boutique-Hotel. Mit sieben einzigartigen Zimmern, von denen f\u00fcnf Blick auf den Kanal bieten, eine Suite und ein ger\u00e4umiges Familienzimmer. Das Geb\u00e4ude stammt aus dem Jahr 1350 und wurde im 19. Jahrhundert im sp\u00e4ten Empire-Stil renoviert.<\/p>\n<p class=\"has-text-align-center\">Ein Aufenthalt im Hotel Museumkwartier Utrecht bedeutet mehr als nur eine \u00dcbernachtung. Es geht darum, sich vollst\u00e4ndig zu entspannen und eine der sch\u00f6nsten Stellen der Stadt zu genie\u00dfen. Das Hotel liegt an der Oudegracht, einem der ikonischsten und romantischsten Teile der Stadt. Die Lage ist ruhig und dennoch zentral, was bedeutet, dass Sie in wenigen Minuten auf einer der Terrassen am Kanal sitzen k\u00f6nnen und dennoch ruhig schlafen.<\/p><\/div><\/div><div class=\"vce vce-separator-container vce-separator--align-center vce-separator--style-solid\" id=\"el-d8aacd04\" data-vce-do-apply=\"margin el-d8aacd04\"><div class=\"vce-separator vce-separator--color-b-191-192-193 vce-separator--width-29 vce-separator--thickness-1\" data-vce-do-apply=\"border padding background  el-d8aacd04\"><\/div><\/div><div class=\"vce-text-block\"><div class=\"vce-text-block-wrapper vce\" id=\"el-1f2328c6\" data-vce-do-apply=\"all el-1f2328c6\"><h2 style=\"text-align: center;\"><a href=\"https:\/\/hotelmuseumkwartierutrecht.nl\/de\/kamers\/\"><span style=\"font-weight: 400; font-style: normal;color: #d3b589\">Entdecken Sie unsere Zimmer<\/span><\/a><\/h2><\/div><\/div><\/div><\/div><\/div><div class=\"vce-col vce-col--md-17-5p vce-col--xs-1 vce-col--xs-last vce-col--xs-first vce-col--sm-last vce-col--sm-first vce-col--md-last vce-col--lg-last vce-col--xl-last\" id=\"el-e4696d14\"><div class=\"vce-col-inner\" data-vce-do-apply=\"border margin background  el-e4696d14\"><div class=\"vce-col-content\" data-vce-element-content=\"true\" data-vce-do-apply=\"padding el-e4696d14\"><div class=\"vcv-row-control-wrapper\"><\/div><\/div><\/div><\/div><\/div><\/div><\/div><div class=\"vce-row-container\"><div class=\"vce-row vce-row--col-gap-23 vce-row-equal-height vce-row-content--top\" data-vce-full-width=\"true\" data-vce-stretch-content=\"true\" id=\"el-e8873c89\" data-vce-do-apply=\"all el-e8873c89\"><div class=\"vce-content-background-container\"><\/div><div class=\"vce-row-content\" data-vce-element-content=\"true\"><div class=\"vce-col vce-col--md-auto vce-col--xs-1 vce-col--xs-last vce-col--xs-first vce-col--sm-last vce-col--sm-first vce-col--md-first vce-col--lg-first vce-col--xl-first\" id=\"el-a4ae08e4\"><div class=\"vce-col-inner\" data-vce-do-apply=\"border margin background  el-a4ae08e4\"><div class=\"vce-col-content\" data-vce-element-content=\"true\" data-vce-do-apply=\"padding el-a4ae08e4\"><div class=\"vce-single-image-container vce-single-image--align-left\"><div class=\"vce vce-single-image-wrapper\" id=\"el-347b4874\" data-vce-do-apply=\"all el-347b4874\"><figure><div class=\"vce-single-image-figure-inner\" style=\"width: 1024px;\"><a href=\"https:\/\/hotelmuseumkwartierutrecht.nl\/de\/kamers\/\" title=\"\" class=\"vce-single-image-inner vce-single-image--absolute\" style=\"width: 100%; padding-bottom: 66.6992%;\"><img loading=\"lazy\" decoding=\"async\" class=\"vce-single-image\"  width=\"1024\" height=\"683\" srcset=\"https:\/\/hotelmuseumkwartierutrecht.nl\/wp-content\/uploads\/2023\/11\/kamers-1024x684.jpg 1024w, https:\/\/hotelmuseumkwartierutrecht.nl\/wp-content\/uploads\/2023\/11\/kamers-320x214.jpg 320w, https:\/\/hotelmuseumkwartierutrecht.nl\/wp-content\/uploads\/2023\/11\/kamers-480x320.jpg 480w, https:\/\/hotelmuseumkwartierutrecht.nl\/wp-content\/uploads\/2023\/11\/kamers-800x533.jpg 800w\" src=\"https:\/\/hotelmuseumkwartierutrecht.nl\/wp-content\/uploads\/2023\/11\/kamers-1024x684.jpg\" data-img-src=\"https:\/\/hotelmuseumkwartierutrecht.nl\/wp-content\/uploads\/2023\/11\/kamers.jpg\" data-attachment-id=\"430\"  alt=\"\" title=\"Zimmer\" \/><\/a><\/div><figcaption hidden=\"\"><\/figcaption><\/figure><\/div><\/div><\/div><\/div><\/div><div class=\"vce-col vce-col--md-auto vce-col--xs-1 vce-col--xs-last vce-col--xs-first vce-col--sm-last vce-col--sm-first\" id=\"el-b73ac3b3\"><div class=\"vce-col-inner\" data-vce-do-apply=\"border margin background  el-b73ac3b3\"><div class=\"vce-col-content\" data-vce-element-content=\"true\" data-vce-do-apply=\"padding el-b73ac3b3\"><div class=\"vce-single-image-container vce-single-image--align-left\"><div class=\"vce vce-single-image-wrapper\" id=\"el-bb453b09\" data-vce-do-apply=\"all el-bb453b09\"><figure><div class=\"vce-single-image-figure-inner\" style=\"width: 599px;\"><a href=\"https:\/\/hotelmuseumkwartierutrecht.nl\/de\/kamers\/\" title=\"\" class=\"vce-single-image-inner vce-single-image--absolute\" style=\"width: 100%; padding-bottom: 66.778%;\"><img loading=\"lazy\" decoding=\"async\" class=\"vce-single-image\"  width=\"599\" height=\"400\" srcset=\"https:\/\/hotelmuseumkwartierutrecht.nl\/wp-content\/uploads\/2024\/08\/kamers-suite-home-320x214.jpg 320w, https:\/\/hotelmuseumkwartierutrecht.nl\/wp-content\/uploads\/2024\/08\/kamers-suite-home-480x321.jpg 480w, https:\/\/hotelmuseumkwartierutrecht.nl\/wp-content\/uploads\/2024\/08\/kamers-suite-home-599x370.jpg 599w\" src=\"https:\/\/hotelmuseumkwartierutrecht.nl\/wp-content\/uploads\/2024\/08\/kamers-suite-home-599x370.jpg\" data-img-src=\"https:\/\/hotelmuseumkwartierutrecht.nl\/wp-content\/uploads\/2024\/08\/kamers-suite-home.jpg\" data-attachment-id=\"563\"  alt=\"\" title=\"kamers-suite-home\" \/><\/a><\/div><figcaption hidden=\"\"><\/figcaption><\/figure><\/div><\/div><\/div><\/div><\/div><div class=\"vce-col vce-col--md-auto vce-col--xs-1 vce-col--xs-last vce-col--xs-first vce-col--sm-last vce-col--sm-first vce-col--md-last vce-col--lg-last vce-col--xl-last\" id=\"el-13a1cbdf\"><div class=\"vce-col-inner\" data-vce-do-apply=\"border margin background  el-13a1cbdf\"><div class=\"vce-col-content\" data-vce-element-content=\"true\" data-vce-do-apply=\"padding el-13a1cbdf\"><div class=\"vce-single-image-container vce-single-image--align-left\"><div class=\"vce vce-single-image-wrapper\" id=\"el-55191737\" data-vce-do-apply=\"all el-55191737\"><figure><div class=\"vce-single-image-figure-inner\" style=\"width: 599px;\"><a href=\"https:\/\/hotelmuseumkwartierutrecht.nl\/de\/kamers\/\" title=\"\" class=\"vce-single-image-inner vce-single-image--absolute\" style=\"width: 100%; padding-bottom: 66.778%;\"><img decoding=\"async\" class=\"vce-single-image\" src=\"https:\/\/hotelmuseumkwartierutrecht.nl\/wp-content\/uploads\/2024\/08\/kamers-faliliekamer-home.jpg\" data-img-src=\"https:\/\/hotelmuseumkwartierutrecht.nl\/wp-content\/uploads\/2024\/08\/kamers-faliliekamer-home.jpg\" data-attachment-id=\"562\" alt=\"\" title=\"kamers-faliliekamer-home\"><\/a><\/div><figcaption hidden=\"\"><\/figcaption><\/figure><\/div><\/div><\/div><\/div><\/div><\/div><\/div><\/div>","protected":false},"excerpt":{"rendered":"<p>BOEK NUWelkom! Hotel Museumkwartier Utrecht ligt aan het rustige deel van de Oudegracht. In deze voormalige schuilkerk en parochiebibliotheek is nu een elegant boutique hotel gevestigd. Met zeven unieke kamers, waarvan vijf met uitzicht op de gracht, een suite en een ruime familiekamer. Het gebouw dateert uit 1350 en werd in de 19e eeuw gerenoveerd&#8230;<\/p>","protected":false},"author":1,"featured_media":0,"parent":0,"menu_order":0,"comment_status":"closed","ping_status":"closed","template":"page-full.php","meta":{"footnotes":""},"class_list":["post-178","page","type-page","status-publish","hentry"],"_links":{"self":[{"href":"https:\/\/hotelmuseumkwartierutrecht.nl\/de\/wp-json\/wp\/v2\/pages\/178","targetHints":{"allow":["GET"]}}],"collection":[{"href":"https:\/\/hotelmuseumkwartierutrecht.nl\/de\/wp-json\/wp\/v2\/pages"}],"about":[{"href":"https:\/\/hotelmuseumkwartierutrecht.nl\/de\/wp-json\/wp\/v2\/types\/page"}],"author":[{"embeddable":true,"href":"https:\/\/hotelmuseumkwartierutrecht.nl\/de\/wp-json\/wp\/v2\/users\/1"}],"replies":[{"embeddable":true,"href":"https:\/\/hotelmuseumkwartierutrecht.nl\/de\/wp-json\/wp\/v2\/comments?post=178"}],"version-history":[{"count":56,"href":"https:\/\/hotelmuseumkwartierutrecht.nl\/de\/wp-json\/wp\/v2\/pages\/178\/revisions"}],"predecessor-version":[{"id":599,"href":"https:\/\/hotelmuseumkwartierutrecht.nl\/de\/wp-json\/wp\/v2\/pages\/178\/revisions\/599"}],"wp:attachment":[{"href":"https:\/\/hotelmuseumkwartierutrecht.nl\/de\/wp-json\/wp\/v2\/media?parent=178"}],"curies":[{"name":"wp","href":"https:\/\/api.w.org\/{rel}","templated":true}]}}